{"id":468,"date":"2019-09-03T10:38:24","date_gmt":"2019-09-03T10:38:24","guid":{"rendered":"http:\/\/mlgserver.es\/thelinks\/?page_id=3"},"modified":"2019-09-03T10:38:24","modified_gmt":"2019-09-03T10:38:24","slug":"politica-privacidad","status":"publish","type":"page","link":"https:\/\/thelinks.es\/alcaidesa\/politica-privacidad\/","title":{"rendered":"Pol\u00edtica de privacidad"},"content":{"rendered":"<p style=\"text-align: justify\">A los efectos de lo dispuesto en la Ley Org\u00e1nica 15\/1999, de 13 de diciembre, de Protecci\u00f3n de Datos de Car\u00e1cter Personal (en adelante, \u201cLOPD\u201d), as\u00ed como en el Real Decreto 1720\/2007, de 21 de diciembre, por el que se aprueba el Reglamento que desarrolla la LOPD (en adelante, \u201cRDLOPD\u201d), le informamos que los datos de car\u00e1cter personal que nos facilite a trav\u00e9s de cualquier formulario del presente Website, as\u00ed como los que nos facilite en el futuro, ser\u00e1n incorporados a un fichero de datos de car\u00e1cter personal titularidad de Manderley Properties, S.A., NIF A 86872496, domicilio social en Av. Victoria 21, 28023 (Madrid) e inscrita en el Registro Mercantil de Madrid 26-\u00ad\u201011-\u00ad\u20102013, con n\u00famero de entrada 1\/2013\/152.378,0, diario 25, asiento 980, tomo 31679, folio 151, inscripci\u00f3n 1 con hoja M-\u00ad\u2010570023 y direcci\u00f3n de correo electr\u00f3nico info@thelinks.es, y mantenidos bajo su responsabilidad.<\/p>\n<p style=\"text-align: justify\">La finalidad de dicho fichero es mantenerle informado acerca de nuestros productos, ofertas y promociones a trav\u00e9s de actividades promocionales y publicitarias propias o de terceros mediante cualquier medio de comunicaci\u00f3n, incluyendo con car\u00e1cter enunciativo pero no limitativo el env\u00edo de mensajes comerciales a trav\u00e9s de SMS, e-\u00ad\u2010mail, y correo postal que puedan ser de su inter\u00e9s.<\/p>\n<p style=\"text-align: justify\">Salvo que Usted nos manifieste expresamente lo contrario mediante escrito dirigido a la siguiente direcci\u00f3n de correo electr\u00f3nico info@thelinks.es entenderemos que Usted consiente de forma expresa e inequ\u00edvoca el tratamiento de sus datos personales en los t\u00e9rminos anteriormente expuestos, incluyendo el env\u00edo de informaci\u00f3n comercial.<\/p>\n<p style=\"text-align: justify\">El usuario consiente expresamente, al proporcionar sus datos, que \u00e9stos sean utilizados para las finalidades y modalidades descritas y se compromete a garantizar la veracidad y autenticidad de las informaciones y datos que comunique en virtud de la utilizaci\u00f3n de este sitio web. En este sentido, ser\u00e1 obligaci\u00f3n de los usuarios el mantener actualizadas las informaciones y datos de forma tal que correspondan a la realidad en cada momento. Cualquier manifestaci\u00f3n falsa o inexacta que se produzca como consecuencia de las informaciones y datos manifestados, as\u00ed como los perjuicios que tal informaci\u00f3n pudiera causar a Manderley Properties, S.A., ser\u00e1n responsabilidad de los usuarios.<\/p>\n<p style=\"text-align: justify\">Ejercicio de derechos ARCO<\/p>\n<p style=\"text-align: justify\">De conformidad con la LOPD, el usuario podr\u00e1 ejercer sus derechos de acceso, rectificaci\u00f3n, cancelaci\u00f3n y\/o oposici\u00f3n de sus datos de car\u00e1cter personal, en cualquier momento, mediante escrito dirigido a la siguiente direcci\u00f3n de correo electr\u00f3nico info@thelinks.es o al domicilio de Manderley Properties, S.A. sito en la calle Av. Victoria 21, 28023 (Madrid). Para poder tramitar la solicitud de ejercicio de derechos, ser\u00e1 necesario comprobar la identidad del usuario, por lo que dicha comunicaci\u00f3n deber\u00e1 incluir nombre y apellidos, petici\u00f3n en que se concreta la solicitud, direcci\u00f3n a efectos de notificaciones, fecha, firma y fotocopia del DNI u otro documento v\u00e1lido identificativo, y petici\u00f3n en que se concreta su solicitud. El ejercicio de estos derechos no afectar\u00e1 en modo alguno al acceso a la p\u00e1gina web.<\/p>\n<p style=\"text-align: justify\">Manderley Properties, S.A. no se hace responsable de los casos en los que personas menores de edad le hayan emitido datos de car\u00e1cter personal a trav\u00e9s del Website. Quien tenga la patria potestad, sea el tutor o representante legal del menor, podr\u00e1 ejercitar el derecho de acceso, rectificaci\u00f3n y cancelaci\u00f3n de datos, de conformidad con lo establecido en el apartado anterior.<\/p>\n<p style=\"text-align: justify\">Seguridad y confidencialidad.<\/p>\n<p style=\"text-align: justify\">Le informamos que han sido adoptadas todas las medidas de seguridad de \u00edndole t\u00e9cnica y organizativa necesarias para garantizar la protecci\u00f3n de sus datos de car\u00e1cter personal y evitar su alteraci\u00f3n, p\u00e9rdida, tratamiento y\/o acceso no autorizado, habida cuenta del estado de la t\u00e9cnica, la naturaleza de los datos almacenados y los riesgos a que est\u00e1n expuestos, todo ello, conforme a lo establecido en el art\u00edculo 9 de la LOPD y en el Real Decreto 1720\/2007, de 21 de diciembre, por el que se aprueba el Reglamento de desarrollo de la LOPD.<\/p>\n<p style=\"text-align: justify\">Manderley Properties, S.A. utiliza medios para garantizar la confidencialidad de sus datos. Sin embargo, a pesar de que se haya intentado crear p\u00e1ginas seguras y fiables, le recordamos que, en general, Internet no se considera un entorno completamente seguro y, por lo tanto, Manderley Properties, S.A. no puede garantizarle la total confidencialidad de los datos personales que nos haya facilitado. Por ello, Manderley Properties, S.A. no puede asumir responsabilidad alguna ni garantizar la seguridad de sus datos personales durante su transmisi\u00f3n por Internet.<\/p>\n","protected":false},"excerpt":{"rendered":"<p>A los efectos de lo dispuesto en la Ley Org\u00e1nica 15\/1999, de 13 de diciembre, de Protecci\u00f3n de Datos de Car\u00e1cter Personal (en adelante, \u201cLOPD\u201d), as\u00ed como en el Real Decreto 1720\/2007, de 21 de diciembre, por el que se aprueba el Reglamento que desarrolla la LOPD (en adelante, \u201cRDLOPD\u201d), le informamos que los datos [&hellip;]<\/p>\n","protected":false},"author":1,"featured_media":0,"parent":0,"menu_order":0,"comment_status":"closed","ping_status":"open","template":"","meta":{"_acf_changed":false,"footnotes":""},"class_list":["post-468","page","type-page","status-publish","hentry"],"yoast_head":"<!-- This site is optimized with the Yoast SEO plugin v27.1.1 - https:\/\/yoast.com\/product\/yoast-seo-wordpress\/ -->\n<title>Pol\u00edtica de privacidad - Alcaidesa<\/title>\n<meta name=\"robots\" content=\"index, follow, max-snippet:-1, max-image-preview:large, max-video-preview:-1\" \/>\n<link rel=\"canonical\" href=\"https:\/\/thelinks.es\/alcaidesa\/politica-privacidad\/\" \/>\n<meta property=\"og:locale\" content=\"es_ES\" \/>\n<meta property=\"og:type\" content=\"article\" \/>\n<meta property=\"og:title\" content=\"Pol\u00edtica de privacidad - Alcaidesa\" \/>\n<meta property=\"og:description\" content=\"A los efectos de lo dispuesto en la Ley Org\u00e1nica 15\/1999, de 13 de diciembre, de Protecci\u00f3n de Datos de Car\u00e1cter Personal (en adelante, \u201cLOPD\u201d), as\u00ed como en el Real Decreto 1720\/2007, de 21 de diciembre, por el que se aprueba el Reglamento que desarrolla la LOPD (en adelante, \u201cRDLOPD\u201d), le informamos que los datos [&hellip;]\" \/>\n<meta property=\"og:url\" content=\"https:\/\/thelinks.es\/alcaidesa\/politica-privacidad\/\" \/>\n<meta property=\"og:site_name\" content=\"Alcaidesa\" \/>\n<meta property=\"og:image\" content=\"https:\/\/thelinks.es\/alcaidesa\/wp-content\/uploads\/sites\/2\/2026\/01\/fav.png\" \/>\n\t<meta property=\"og:image:width\" content=\"32\" \/>\n\t<meta property=\"og:image:height\" content=\"32\" \/>\n\t<meta property=\"og:image:type\" content=\"image\/png\" \/>\n<meta name=\"twitter:card\" content=\"summary_large_image\" \/>\n<meta name=\"twitter:label1\" content=\"Tiempo de lectura\" \/>\n\t<meta name=\"twitter:data1\" content=\"4 minutos\" \/>\n<script type=\"application\/ld+json\" class=\"yoast-schema-graph\">{\"@context\":\"https:\/\/schema.org\",\"@graph\":[{\"@type\":\"WebPage\",\"@id\":\"https:\/\/thelinks.es\/alcaidesa\/politica-privacidad\/\",\"url\":\"https:\/\/thelinks.es\/alcaidesa\/politica-privacidad\/\",\"name\":\"Pol\u00edtica de privacidad - Alcaidesa\",\"isPartOf\":{\"@id\":\"https:\/\/thelinks.es\/alcaidesa\/#website\"},\"datePublished\":\"2019-09-03T10:38:24+00:00\",\"breadcrumb\":{\"@id\":\"https:\/\/thelinks.es\/alcaidesa\/politica-privacidad\/#breadcrumb\"},\"inLanguage\":\"es\",\"potentialAction\":[{\"@type\":\"ReadAction\",\"target\":[\"https:\/\/thelinks.es\/alcaidesa\/politica-privacidad\/\"]}]},{\"@type\":\"BreadcrumbList\",\"@id\":\"https:\/\/thelinks.es\/alcaidesa\/politica-privacidad\/#breadcrumb\",\"itemListElement\":[{\"@type\":\"ListItem\",\"position\":1,\"name\":\"Portada\",\"item\":\"https:\/\/thelinks.es\/alcaidesa\/\"},{\"@type\":\"ListItem\",\"position\":2,\"name\":\"Pol\u00edtica de privacidad\"}]},{\"@type\":\"WebSite\",\"@id\":\"https:\/\/thelinks.es\/alcaidesa\/#website\",\"url\":\"https:\/\/thelinks.es\/alcaidesa\/\",\"name\":\"TheLinks Alcaidesa\",\"description\":\"Un link a todo lo que importa\",\"publisher\":{\"@id\":\"https:\/\/thelinks.es\/alcaidesa\/#organization\"},\"potentialAction\":[{\"@type\":\"SearchAction\",\"target\":{\"@type\":\"EntryPoint\",\"urlTemplate\":\"https:\/\/thelinks.es\/alcaidesa\/?s={search_term_string}\"},\"query-input\":{\"@type\":\"PropertyValueSpecification\",\"valueRequired\":true,\"valueName\":\"search_term_string\"}}],\"inLanguage\":\"es\"},{\"@type\":\"Organization\",\"@id\":\"https:\/\/thelinks.es\/alcaidesa\/#organization\",\"name\":\"TheLinks Alcaidesa\",\"url\":\"https:\/\/thelinks.es\/alcaidesa\/\",\"logo\":{\"@type\":\"ImageObject\",\"inLanguage\":\"es\",\"@id\":\"https:\/\/thelinks.es\/alcaidesa\/#\/schema\/logo\/image\/\",\"url\":\"https:\/\/thelinks.es\/alcaidesa\/wp-content\/uploads\/sites\/2\/2026\/01\/fav.png\",\"contentUrl\":\"https:\/\/thelinks.es\/alcaidesa\/wp-content\/uploads\/sites\/2\/2026\/01\/fav.png\",\"width\":32,\"height\":32,\"caption\":\"TheLinks Alcaidesa\"},\"image\":{\"@id\":\"https:\/\/thelinks.es\/alcaidesa\/#\/schema\/logo\/image\/\"}}]}<\/script>\n<!-- \/ Yoast SEO plugin. -->","yoast_head_json":{"title":"Pol\u00edtica de privacidad - Alcaidesa","robots":{"index":"index","follow":"follow","max-snippet":"max-snippet:-1","max-image-preview":"max-image-preview:large","max-video-preview":"max-video-preview:-1"},"canonical":"https:\/\/thelinks.es\/alcaidesa\/politica-privacidad\/","og_locale":"es_ES","og_type":"article","og_title":"Pol\u00edtica de privacidad - Alcaidesa","og_description":"A los efectos de lo dispuesto en la Ley Org\u00e1nica 15\/1999, de 13 de diciembre, de Protecci\u00f3n de Datos de Car\u00e1cter Personal (en adelante, \u201cLOPD\u201d), as\u00ed como en el Real Decreto 1720\/2007, de 21 de diciembre, por el que se aprueba el Reglamento que desarrolla la LOPD (en adelante, \u201cRDLOPD\u201d), le informamos que los datos [&hellip;]","og_url":"https:\/\/thelinks.es\/alcaidesa\/politica-privacidad\/","og_site_name":"Alcaidesa","og_image":[{"width":32,"height":32,"url":"https:\/\/thelinks.es\/alcaidesa\/wp-content\/uploads\/sites\/2\/2026\/01\/fav.png","type":"image\/png"}],"twitter_card":"summary_large_image","twitter_misc":{"Tiempo de lectura":"4 minutos"},"schema":{"@context":"https:\/\/schema.org","@graph":[{"@type":"WebPage","@id":"https:\/\/thelinks.es\/alcaidesa\/politica-privacidad\/","url":"https:\/\/thelinks.es\/alcaidesa\/politica-privacidad\/","name":"Pol\u00edtica de privacidad - Alcaidesa","isPartOf":{"@id":"https:\/\/thelinks.es\/alcaidesa\/#website"},"datePublished":"2019-09-03T10:38:24+00:00","breadcrumb":{"@id":"https:\/\/thelinks.es\/alcaidesa\/politica-privacidad\/#breadcrumb"},"inLanguage":"es","potentialAction":[{"@type":"ReadAction","target":["https:\/\/thelinks.es\/alcaidesa\/politica-privacidad\/"]}]},{"@type":"BreadcrumbList","@id":"https:\/\/thelinks.es\/alcaidesa\/politica-privacidad\/#breadcrumb","itemListElement":[{"@type":"ListItem","position":1,"name":"Portada","item":"https:\/\/thelinks.es\/alcaidesa\/"},{"@type":"ListItem","position":2,"name":"Pol\u00edtica de privacidad"}]},{"@type":"WebSite","@id":"https:\/\/thelinks.es\/alcaidesa\/#website","url":"https:\/\/thelinks.es\/alcaidesa\/","name":"TheLinks Alcaidesa","description":"Un link a todo lo que importa","publisher":{"@id":"https:\/\/thelinks.es\/alcaidesa\/#organization"},"potentialAction":[{"@type":"SearchAction","target":{"@type":"EntryPoint","urlTemplate":"https:\/\/thelinks.es\/alcaidesa\/?s={search_term_string}"},"query-input":{"@type":"PropertyValueSpecification","valueRequired":true,"valueName":"search_term_string"}}],"inLanguage":"es"},{"@type":"Organization","@id":"https:\/\/thelinks.es\/alcaidesa\/#organization","name":"TheLinks Alcaidesa","url":"https:\/\/thelinks.es\/alcaidesa\/","logo":{"@type":"ImageObject","inLanguage":"es","@id":"https:\/\/thelinks.es\/alcaidesa\/#\/schema\/logo\/image\/","url":"https:\/\/thelinks.es\/alcaidesa\/wp-content\/uploads\/sites\/2\/2026\/01\/fav.png","contentUrl":"https:\/\/thelinks.es\/alcaidesa\/wp-content\/uploads\/sites\/2\/2026\/01\/fav.png","width":32,"height":32,"caption":"TheLinks Alcaidesa"},"image":{"@id":"https:\/\/thelinks.es\/alcaidesa\/#\/schema\/logo\/image\/"}}]}},"acf":[],"_links":{"self":[{"href":"https:\/\/thelinks.es\/alcaidesa\/wp-json\/wp\/v2\/pages\/468","targetHints":{"allow":["GET"]}}],"collection":[{"href":"https:\/\/thelinks.es\/alcaidesa\/wp-json\/wp\/v2\/pages"}],"about":[{"href":"https:\/\/thelinks.es\/alcaidesa\/wp-json\/wp\/v2\/types\/page"}],"author":[{"embeddable":true,"href":"https:\/\/thelinks.es\/alcaidesa\/wp-json\/wp\/v2\/users\/1"}],"replies":[{"embeddable":true,"href":"https:\/\/thelinks.es\/alcaidesa\/wp-json\/wp\/v2\/comments?post=468"}],"version-history":[{"count":0,"href":"https:\/\/thelinks.es\/alcaidesa\/wp-json\/wp\/v2\/pages\/468\/revisions"}],"wp:attachment":[{"href":"https:\/\/thelinks.es\/alcaidesa\/wp-json\/wp\/v2\/media?parent=468"}],"curies":[{"name":"wp","href":"https:\/\/api.w.org\/{rel}","templated":true}]}}