{"id":423,"date":"2019-10-21T09:44:42","date_gmt":"2019-10-21T09:44:42","guid":{"rendered":"http:\/\/mlgserver.es\/thelinks\/en\/?page_id=423"},"modified":"2026-04-30T16:00:03","modified_gmt":"2026-04-30T14:00:03","slug":"register","status":"publish","type":"page","link":"https:\/\/thelinks.es\/costaesuri\/en\/register\/","title":{"rendered":"Register"},"content":{"rendered":"<div class=\"wpb-content-wrapper\">[vc_row][vc_column width=&#8221;1\/4&#8243;][\/vc_column][vc_column width=&#8221;1\/2&#8243;][vc_column_text el_class=&#8221;acceso-login&#8221; css=&#8221;.vc_custom_1570118659461{margin-bottom: 0px !important;}&#8221;]<form  id=\"cred_user_form_1057_1_1\" class=\"cred-user-form cred-keep-original\" action=\"\/costaesuri\/en\/wp-json\/wp\/v2\/pages\/423?_tt=1778413183\" data-form=\"{&quot;form_id&quot;:&quot;cred_user_form_1057_1_1&quot;,&quot;use_ajax&quot;:&quot;0&quot;,&quot;wpv_page&quot;:1}\" data-conditionals=\"[]\" method=\"post\">\n\t<div id=\"wpt-form-message-1057\"\n\t\t\t              data-message-single=\"No se guard\u00f3 el usuario debido al siguiente problema:\"\n\t\t\t              data-message-plural=\"No se guard\u00f3 el usuario debido a los siguientes %NN problemas:\"\n\t\t\t              style=\"display:none;\" class=\"wpt-top-form-error wpt-form-error wpt-form-error-wrapper alert alert-danger alert alert-warning\"><\/div>\n\t<div class=\"form-group\">\n\t\t<label>Nombre<\/label>\n\t\t<div class=\"js-wpt-field-items js-wpt-repetitive wpt-repetitive\" data-initial-conditional=\"\" data-item_name=\"textfield-first_name\">\r\n<input type=\"text\" id=\"cred_user_form_1057_1_1_first_name\" name=\"first_name\" value=\"\" class=\"form-control wpt-form-textfield form-textfield textfield\" output=\"bootstrap\" preset_value=\"\" urlparam=\"\" preview=\"\" previewsize=\"\" select_label=\"\" edit_label=\"\" value_escape=\"\" make_readonly=\"\" placeholder=\"\" select_text=\"\" data-wpt-type=\"textfield\" data-wpt-id=\"cred_user_form_1057_1_1_cred_user_form_1057_1_1_first_name\" data-wpt-name=\"first_name\" \/>\r\n<\/div>\n\t<\/div>\n\t<div class=\"form-group\">\n\t\t<label>Apellidos<\/label>\n\t\t<div class=\"js-wpt-field-items js-wpt-repetitive wpt-repetitive\" data-initial-conditional=\"\" data-item_name=\"textfield-last_name\">\r\n<input type=\"text\" id=\"cred_user_form_1057_1_1_last_name\" name=\"last_name\" value=\"\" class=\"form-control wpt-form-textfield form-textfield textfield\" output=\"bootstrap\" preset_value=\"\" urlparam=\"\" preview=\"\" previewsize=\"\" select_label=\"\" edit_label=\"\" value_escape=\"\" make_readonly=\"\" placeholder=\"\" select_text=\"\" data-wpt-type=\"textfield\" data-wpt-id=\"cred_user_form_1057_1_1_cred_user_form_1057_1_1_last_name\" data-wpt-name=\"last_name\" \/>\r\n<\/div>\n\t<\/div>\n\t<div class=\"form-group\">\n\t\t<label>Email<\/label>\n\t\t<div class=\"js-wpt-field-items js-wpt-repetitive wpt-repetitive\" data-initial-conditional=\"\" data-item_name=\"email-user_email\">\r\n<input type=\"text\" id=\"cred_user_form_1057_1_1_user_email\" name=\"user_email\" value=\"\" preset_value=\"\" urlparam=\"\" make_readonly=\"\" max_width=\"\" max_height=\"\" class=\"form-control wpt-form-textfield form-textfield textfield\" output=\"bootstrap\" placeholder=\"\" data-wpt-validate=\"{&quot;email&quot;:{&quot;args&quot;:{&quot;1&quot;:true},&quot;message&quot;:&quot;Please enter a valid email address&quot;},&quot;required&quot;:{&quot;args&quot;:{&quot;1&quot;:true},&quot;message&quot;:&quot;Campo obligatorio&quot;}}\" data-wpt-field-title=\"Email\" data-parsley-type=\"email\" data-parsley-error-message=\"Please enter a valid email address\" data-parsley-required=\"true\" data-parsley-required-message=\"Campo obligatorio\" data-parsley-credfilesize=\"1536000\" data-wpt-type=\"textfield\" data-wpt-id=\"cred_user_form_1057_1_1_cred_user_form_1057_1_1_user_email\" data-wpt-name=\"user_email\" \/>\r\n<\/div>\n\t<\/div>\n\t<div class=\"form-group\">\n\t<label>Tel\u00e9fono M\u00f3vil<\/label>\n\t<div class=\"js-wpt-field-items js-wpt-repetitive wpt-repetitive\" data-initial-conditional=\"\" data-item_name=\"phone-movil\">\r\n<input type=\"text\" id=\"cred_user_form_1057_1_1_movil\" name=\"movil\" value=\"\" class=\" wpt-form-textfield form-textfield textfield\" preset_value=\"\" cred_generic=\"1\" placeholder=\"\" preview=\"\" previewsize=\"\" urlparam=\"\" data-wpt-type=\"textfield\" data-wpt-id=\"cred_user_form_1057_1_1_cred_user_form_1057_1_1_movil\" data-wpt-name=\"movil\" \/>\r\n<\/div>\n\t<\/div>\n\t<div class=\"form-group\">\n\t<label>C\u00f3digo Postal<\/label>\n\t<div class=\"js-wpt-field-items js-wpt-repetitive wpt-repetitive\" data-initial-conditional=\"\" data-item_name=\"textfield-codigopostal\">\r\n<input type=\"text\" id=\"cred_user_form_1057_1_1_codigopostal\" name=\"codigopostal\" value=\"\" class=\" wpt-form-textfield form-textfield textfield\" preset_value=\"\" cred_generic=\"1\" placeholder=\"\" preview=\"\" previewsize=\"\" urlparam=\"\" data-wpt-type=\"textfield\" data-wpt-id=\"cred_user_form_1057_1_1_cred_user_form_1057_1_1_codigopostal\" data-wpt-name=\"codigopostal\" \/>\r\n<\/div>\n\t<\/div>\n\t<div class=\"form-group\">\n\t\t<label>Contrase\u00f1a<\/label>\n\t\t<div class=\"js-wpt-field-items js-wpt-repetitive wpt-repetitive\" data-initial-conditional=\"\" data-item_name=\"password-user_pass\">\r\n<input type=\"password\" id=\"cred_user_form_1057_1_1_user_pass\" name=\"user_pass\" value=\"\" preset_value=\"\" urlparam=\"\" make_readonly=\"\" max_width=\"\" max_height=\"\" class=\"form-control wpt-form-password form-password password\" output=\"bootstrap\" placeholder=\"\" data-wpt-validate=\"{&quot;required&quot;:{&quot;args&quot;:{&quot;1&quot;:true},&quot;message&quot;:&quot;Campo obligatorio&quot;}}\" data-wpt-field-title=\"Password\" data-parsley-required=\"true\" data-parsley-required-message=\"Campo obligatorio\" data-parsley-credfilesize=\"1536000\" data-wpt-type=\"password\" data-wpt-id=\"cred_user_form_1057_1_1_cred_user_form_1057_1_1_user_pass\" data-wpt-name=\"user_pass\" \/>\r\n<\/div>\n\t<\/div>\n\t<input type=\"submit\" id=\"cred_user_form_1057_1_1_form_submit_1\" name=\"form_submit_1\" value=\"Enviar\" class=\"btn btn-primary btn-lg wpt-form-submit form-submit submit\" \/>\n<input type=\"hidden\" id=\"cred_user_form_1057_1_1__cred_cred_prefix_cred_container_id\" name=\"_cred_cred_prefix_cred_container_id\" value=\"423\" class=\"wpt-form-hidden form-hidden\" data-wpt-id=\"cred_user_form_1057_1_1_cred_user_form_1057_1_1__cred_cred_prefix_cred_container_id\" data-wpt-name=\"_cred_cred_prefix_cred_container_id\" \/><input type=\"hidden\" id=\"cred_user_form_1057_1_1__cred_cred_prefix_form_id\" name=\"_cred_cred_prefix_form_id\" value=\"1057\" class=\"wpt-form-hidden form-hidden\" data-wpt-id=\"cred_user_form_1057_1_1_cred_user_form_1057_1_1__cred_cred_prefix_form_id\" data-wpt-name=\"_cred_cred_prefix_form_id\" \/><input type=\"hidden\" id=\"cred_user_form_1057_1_1__cred_cred_prefix_form_count\" name=\"_cred_cred_prefix_form_count\" value=\"1\" class=\"wpt-form-hidden form-hidden\" data-wpt-id=\"cred_user_form_1057_1_1_cred_user_form_1057_1_1__cred_cred_prefix_form_count\" data-wpt-name=\"_cred_cred_prefix_form_count\" \/><\/form>[\/vc_column_text][\/vc_column][vc_column width=&#8221;1\/4&#8243;][\/vc_column][\/vc_row]\n<\/div>","protected":false},"excerpt":{"rendered":"<p>[vc_row][vc_column width=&#8221;1\/4&#8243;][\/vc_column][vc_column width=&#8221;1\/2&#8243;][vc_column_text el_class=&#8221;acceso-login&#8221; css=&#8221;.vc_custom_1570118659461{margin-bottom: 0px !important;}&#8221;] Nombre Apellidos Email Tel\u00e9fono M\u00f3vil C\u00f3digo Postal Contrase\u00f1a [\/vc_column_text][\/vc_column][vc_column width=&#8221;1\/4&#8243;][\/vc_column][\/vc_row]<\/p>\n","protected":false},"author":1,"featured_media":0,"parent":0,"menu_order":0,"comment_status":"closed","ping_status":"closed","template":"","meta":{"_acf_changed":false,"footnotes":""},"class_list":["post-423","page","type-page","status-publish","hentry"],"yoast_head":"<!-- This site is optimized with the Yoast SEO plugin v27.1.1 - https:\/\/yoast.com\/product\/yoast-seo-wordpress\/ -->\n<title>Register - Costaesuri<\/title>\n<meta name=\"robots\" content=\"noindex, follow\" \/>\n<meta property=\"og:locale\" content=\"en_US\" \/>\n<meta property=\"og:type\" content=\"article\" \/>\n<meta property=\"og:title\" content=\"Register - Costaesuri\" \/>\n<meta property=\"og:description\" content=\"[vc_row][vc_column width=&#8221;1\/4&#8243;][\/vc_column][vc_column width=&#8221;1\/2&#8243;][vc_column_text el_class=&#8221;acceso-login&#8221; css=&#8221;.vc_custom_1570118659461{margin-bottom: 0px !important;}&#8221;] Nombre Apellidos Email Tel\u00e9fono M\u00f3vil C\u00f3digo Postal Contrase\u00f1a [\/vc_column_text][\/vc_column][vc_column width=&#8221;1\/4&#8243;][\/vc_column][\/vc_row]\" \/>\n<meta property=\"og:url\" content=\"https:\/\/thelinks.es\/costaesuri\/en\/register\/\" \/>\n<meta property=\"og:site_name\" content=\"Costaesuri\" \/>\n<meta property=\"article:modified_time\" content=\"2026-04-30T14:00:03+00:00\" \/>\n<meta property=\"og:image\" content=\"https:\/\/thelinks.es\/costaesuri\/wp-content\/uploads\/sites\/3\/2026\/01\/fav.png\" \/>\n\t<meta property=\"og:image:width\" content=\"32\" \/>\n\t<meta property=\"og:image:height\" content=\"32\" \/>\n\t<meta property=\"og:image:type\" content=\"image\/png\" \/>\n<meta name=\"twitter:card\" content=\"summary_large_image\" \/>\n<meta name=\"twitter:label1\" content=\"Est. reading time\" \/>\n\t<meta name=\"twitter:data1\" content=\"1 minute\" \/>\n<script type=\"application\/ld+json\" class=\"yoast-schema-graph\">{\"@context\":\"https:\/\/schema.org\",\"@graph\":[{\"@type\":\"WebPage\",\"@id\":\"https:\/\/thelinks.es\/costaesuri\/en\/register\/\",\"url\":\"https:\/\/thelinks.es\/costaesuri\/en\/register\/\",\"name\":\"Register - Costaesuri\",\"isPartOf\":{\"@id\":\"https:\/\/thelinks.es\/costaesuri\/#website\"},\"datePublished\":\"2019-10-21T09:44:42+00:00\",\"dateModified\":\"2026-04-30T14:00:03+00:00\",\"breadcrumb\":{\"@id\":\"https:\/\/thelinks.es\/costaesuri\/en\/register\/#breadcrumb\"},\"inLanguage\":\"en-US\",\"potentialAction\":[{\"@type\":\"ReadAction\",\"target\":[\"https:\/\/thelinks.es\/costaesuri\/en\/register\/\"]}]},{\"@type\":\"BreadcrumbList\",\"@id\":\"https:\/\/thelinks.es\/costaesuri\/en\/register\/#breadcrumb\",\"itemListElement\":[{\"@type\":\"ListItem\",\"position\":1,\"name\":\"Portada\",\"item\":\"https:\/\/thelinks.es\/costaesuri\/en\/\"},{\"@type\":\"ListItem\",\"position\":2,\"name\":\"Register\"}]},{\"@type\":\"WebSite\",\"@id\":\"https:\/\/thelinks.es\/costaesuri\/#website\",\"url\":\"https:\/\/thelinks.es\/costaesuri\/\",\"name\":\"TheLinks Costaesuri\",\"description\":\"\",\"publisher\":{\"@id\":\"https:\/\/thelinks.es\/costaesuri\/#organization\"},\"potentialAction\":[{\"@type\":\"SearchAction\",\"target\":{\"@type\":\"EntryPoint\",\"urlTemplate\":\"https:\/\/thelinks.es\/costaesuri\/?s={search_term_string}\"},\"query-input\":{\"@type\":\"PropertyValueSpecification\",\"valueRequired\":true,\"valueName\":\"search_term_string\"}}],\"inLanguage\":\"en-US\"},{\"@type\":\"Organization\",\"@id\":\"https:\/\/thelinks.es\/costaesuri\/#organization\",\"name\":\"TheLinks Costaesuri\",\"url\":\"https:\/\/thelinks.es\/costaesuri\/\",\"logo\":{\"@type\":\"ImageObject\",\"inLanguage\":\"en-US\",\"@id\":\"https:\/\/thelinks.es\/costaesuri\/#\/schema\/logo\/image\/\",\"url\":\"https:\/\/thelinks.es\/costaesuri\/wp-content\/uploads\/sites\/3\/2026\/01\/fav.png\",\"contentUrl\":\"https:\/\/thelinks.es\/costaesuri\/wp-content\/uploads\/sites\/3\/2026\/01\/fav.png\",\"width\":32,\"height\":32,\"caption\":\"TheLinks Costaesuri\"},\"image\":{\"@id\":\"https:\/\/thelinks.es\/costaesuri\/#\/schema\/logo\/image\/\"}}]}<\/script>\n<!-- \/ Yoast SEO plugin. -->","yoast_head_json":{"title":"Register - Costaesuri","robots":{"index":"noindex","follow":"follow"},"og_locale":"en_US","og_type":"article","og_title":"Register - Costaesuri","og_description":"[vc_row][vc_column width=&#8221;1\/4&#8243;][\/vc_column][vc_column width=&#8221;1\/2&#8243;][vc_column_text el_class=&#8221;acceso-login&#8221; css=&#8221;.vc_custom_1570118659461{margin-bottom: 0px !important;}&#8221;] Nombre Apellidos Email Tel\u00e9fono M\u00f3vil C\u00f3digo Postal Contrase\u00f1a [\/vc_column_text][\/vc_column][vc_column width=&#8221;1\/4&#8243;][\/vc_column][\/vc_row]","og_url":"https:\/\/thelinks.es\/costaesuri\/en\/register\/","og_site_name":"Costaesuri","article_modified_time":"2026-04-30T14:00:03+00:00","og_image":[{"width":32,"height":32,"url":"https:\/\/thelinks.es\/costaesuri\/wp-content\/uploads\/sites\/3\/2026\/01\/fav.png","type":"image\/png"}],"twitter_card":"summary_large_image","twitter_misc":{"Est. reading time":"1 minute"},"schema":{"@context":"https:\/\/schema.org","@graph":[{"@type":"WebPage","@id":"https:\/\/thelinks.es\/costaesuri\/en\/register\/","url":"https:\/\/thelinks.es\/costaesuri\/en\/register\/","name":"Register - Costaesuri","isPartOf":{"@id":"https:\/\/thelinks.es\/costaesuri\/#website"},"datePublished":"2019-10-21T09:44:42+00:00","dateModified":"2026-04-30T14:00:03+00:00","breadcrumb":{"@id":"https:\/\/thelinks.es\/costaesuri\/en\/register\/#breadcrumb"},"inLanguage":"en-US","potentialAction":[{"@type":"ReadAction","target":["https:\/\/thelinks.es\/costaesuri\/en\/register\/"]}]},{"@type":"BreadcrumbList","@id":"https:\/\/thelinks.es\/costaesuri\/en\/register\/#breadcrumb","itemListElement":[{"@type":"ListItem","position":1,"name":"Portada","item":"https:\/\/thelinks.es\/costaesuri\/en\/"},{"@type":"ListItem","position":2,"name":"Register"}]},{"@type":"WebSite","@id":"https:\/\/thelinks.es\/costaesuri\/#website","url":"https:\/\/thelinks.es\/costaesuri\/","name":"TheLinks Costaesuri","description":"","publisher":{"@id":"https:\/\/thelinks.es\/costaesuri\/#organization"},"potentialAction":[{"@type":"SearchAction","target":{"@type":"EntryPoint","urlTemplate":"https:\/\/thelinks.es\/costaesuri\/?s={search_term_string}"},"query-input":{"@type":"PropertyValueSpecification","valueRequired":true,"valueName":"search_term_string"}}],"inLanguage":"en-US"},{"@type":"Organization","@id":"https:\/\/thelinks.es\/costaesuri\/#organization","name":"TheLinks Costaesuri","url":"https:\/\/thelinks.es\/costaesuri\/","logo":{"@type":"ImageObject","inLanguage":"en-US","@id":"https:\/\/thelinks.es\/costaesuri\/#\/schema\/logo\/image\/","url":"https:\/\/thelinks.es\/costaesuri\/wp-content\/uploads\/sites\/3\/2026\/01\/fav.png","contentUrl":"https:\/\/thelinks.es\/costaesuri\/wp-content\/uploads\/sites\/3\/2026\/01\/fav.png","width":32,"height":32,"caption":"TheLinks Costaesuri"},"image":{"@id":"https:\/\/thelinks.es\/costaesuri\/#\/schema\/logo\/image\/"}}]}},"acf":[],"_links":{"self":[{"href":"https:\/\/thelinks.es\/costaesuri\/en\/wp-json\/wp\/v2\/pages\/423","targetHints":{"allow":["GET"]}}],"collection":[{"href":"https:\/\/thelinks.es\/costaesuri\/en\/wp-json\/wp\/v2\/pages"}],"about":[{"href":"https:\/\/thelinks.es\/costaesuri\/en\/wp-json\/wp\/v2\/types\/page"}],"author":[{"embeddable":true,"href":"https:\/\/thelinks.es\/costaesuri\/en\/wp-json\/wp\/v2\/users\/1"}],"replies":[{"embeddable":true,"href":"https:\/\/thelinks.es\/costaesuri\/en\/wp-json\/wp\/v2\/comments?post=423"}],"version-history":[{"count":0,"href":"https:\/\/thelinks.es\/costaesuri\/en\/wp-json\/wp\/v2\/pages\/423\/revisions"}],"wp:attachment":[{"href":"https:\/\/thelinks.es\/costaesuri\/en\/wp-json\/wp\/v2\/media?parent=423"}],"curies":[{"name":"wp","href":"https:\/\/api.w.org\/{rel}","templated":true}]}}